{"id":379,"date":"2021-11-10T06:52:57","date_gmt":"2021-11-10T11:52:57","guid":{"rendered":"http:\/\/bartolofarmhouses.eu\/?page_id=379"},"modified":"2023-05-25T14:43:44","modified_gmt":"2023-05-25T18:43:44","slug":"experience-gozo","status":"publish","type":"page","link":"https:\/\/bartolofarmhouses.eu\/de\/experience-gozo\/","title":{"rendered":"Gozo erleben"},"content":{"rendered":"<div data-elementor-type=\"wp-page\" data-elementor-id=\"379\" class=\"elementor elementor-379\" data-elementor-settings=\"[]\">\n\t\t\t\t\t\t\t<div class=\"elementor-section-wrap\">\n\t\t\t\t\t\t\t<section class=\"elementor-section elementor-top-section elementor-element elementor-element-1dfd5cee elementor-section-full_width elementor-section-height-min-height elementor-section-items-top elementor-section-content-top elementor-section-stretched elementor-section-height-default\" data-id=\"1dfd5cee\" data-element_type=\"section\" data-settings=\"{&quot;stretch_section&quot;:&quot;section-stretched&quot;,&quot;background_background&quot;:&quot;classic&quot;}\">\n\t\t\t\t\t\t<div class=\"elementor-container elementor-column-gap-no\">\n\t\t\t\t\t<div class=\"elementor-column elementor-col-100 elementor-top-column elementor-element elementor-element-2581d0d1\" data-id=\"2581d0d1\" data-element_type=\"column\">\n\t\t\t<div class=\"elementor-widget-wrap\">\n\t\t\t\t\t\t\t\t\t<\/div>\n\t\t<\/div>\n\t\t\t\t\t\t\t<\/div>\n\t\t<\/section>\n\t\t\t\t<section class=\"elementor-section elementor-top-section elementor-element elementor-element-2be3e5cf elementor-section-boxed elementor-section-height-default elementor-section-height-default\" data-id=\"2be3e5cf\" data-element_type=\"section\">\n\t\t\t\t\t\t<div class=\"elementor-container elementor-column-gap-default\">\n\t\t\t\t\t<div class=\"elementor-column elementor-col-100 elementor-top-column elementor-element elementor-element-6fd44ede\" data-id=\"6fd44ede\" data-element_type=\"column\">\n\t\t\t<div class=\"elementor-widget-wrap elementor-element-populated\">\n\t\t\t\t\t\t\t\t<div class=\"elementor-element elementor-element-50d23250 elementor-widget elementor-widget-heading\" data-id=\"50d23250\" data-element_type=\"widget\" data-widget_type=\"heading.default\">\n\t\t\t\t<div class=\"elementor-widget-container\">\n\t\t\t<h2 class=\"elementor-heading-title elementor-size-default\">Bartolo Farmhouses<\/h2>\t\t<\/div>\n\t\t\t\t<\/div>\n\t\t\t\t\t<\/div>\n\t\t<\/div>\n\t\t\t\t\t\t\t<\/div>\n\t\t<\/section>\n\t\t\t\t<section class=\"elementor-section elementor-top-section elementor-element elementor-element-614705cf elementor-section-full_width elementor-section-height-min-height elementor-section-items-top elementor-section-content-top elementor-section-stretched elementor-section-height-default\" data-id=\"614705cf\" data-element_type=\"section\" data-settings=\"{&quot;stretch_section&quot;:&quot;section-stretched&quot;,&quot;background_background&quot;:&quot;classic&quot;}\">\n\t\t\t\t\t\t<div class=\"elementor-container elementor-column-gap-no\">\n\t\t\t\t\t<div class=\"elementor-column elementor-col-100 elementor-top-column elementor-element elementor-element-151e1925\" data-id=\"151e1925\" data-element_type=\"column\">\n\t\t\t<div class=\"elementor-widget-wrap\">\n\t\t\t\t\t\t\t\t\t<\/div>\n\t\t<\/div>\n\t\t\t\t\t\t\t<\/div>\n\t\t<\/section>\n\t\t\t\t<section class=\"elementor-section elementor-top-section elementor-element elementor-element-24ea51ef elementor-section-height-min-height elementor-section-items-top elementor-section-content-top elementor-section-boxed elementor-section-height-default\" data-id=\"24ea51ef\" data-element_type=\"section\" data-settings=\"{&quot;background_background&quot;:&quot;classic&quot;}\">\n\t\t\t\t\t\t<div class=\"elementor-container elementor-column-gap-no\">\n\t\t\t\t\t<div class=\"elementor-column elementor-col-100 elementor-top-column elementor-element elementor-element-49cb3691\" data-id=\"49cb3691\" data-element_type=\"column\">\n\t\t\t<div class=\"elementor-widget-wrap\">\n\t\t\t\t\t\t\t\t\t<\/div>\n\t\t<\/div>\n\t\t\t\t\t\t\t<\/div>\n\t\t<\/section>\n\t\t\t\t<section class=\"elementor-section elementor-top-section elementor-element elementor-element-ee095c9 elementor-section-height-min-height elementor-section-items-top elementor-section-content-top elementor-section-boxed elementor-section-height-default\" data-id=\"ee095c9\" data-element_type=\"section\">\n\t\t\t\t\t\t\t<div class=\"elementor-background-overlay\"><\/div>\n\t\t\t\t\t\t\t<div class=\"elementor-container elementor-column-gap-no\">\n\t\t\t\t\t<div class=\"elementor-column elementor-col-100 elementor-top-column elementor-element elementor-element-57b61c61\" data-id=\"57b61c61\" data-element_type=\"column\">\n\t\t\t<div class=\"elementor-widget-wrap elementor-element-populated\">\n\t\t\t\t\t\t\t\t<div class=\"elementor-element elementor-element-3824640f elementor-widget elementor-widget-image\" data-id=\"3824640f\" data-element_type=\"widget\" data-widget_type=\"image.default\">\n\t\t\t\t<div class=\"elementor-widget-container\">\n\t\t\t\t\t\t\t\t\t\t\t\t\t\t\t<img loading=\"lazy\" decoding=\"async\" width=\"1172\" height=\"205\" src=\"https:\/\/bartolofarmhouses.eu\/wp-content\/uploads\/2021\/11\/Sm_header_image_7.jpg\" class=\"attachment-full size-full\" alt=\"\" srcset=\"https:\/\/bartolofarmhouses.eu\/wp-content\/uploads\/2021\/11\/Sm_header_image_7.jpg 1172w, https:\/\/bartolofarmhouses.eu\/wp-content\/uploads\/2021\/11\/Sm_header_image_7-18x3.jpg 18w, https:\/\/bartolofarmhouses.eu\/wp-content\/uploads\/2021\/11\/Sm_header_image_7-720x126.jpg 720w\" sizes=\"auto, (max-width: 1172px) 100vw, 1172px\" \/>\t\t\t\t\t\t\t\t\t\t\t\t\t\t\t<\/div>\n\t\t\t\t<\/div>\n\t\t\t\t\t<\/div>\n\t\t<\/div>\n\t\t\t\t\t\t\t<\/div>\n\t\t<\/section>\n\t\t\t\t<section class=\"elementor-section elementor-top-section elementor-element elementor-element-662d9902 elementor-section-height-min-height elementor-section-boxed elementor-section-height-default elementor-section-items-middle\" data-id=\"662d9902\" data-element_type=\"section\" data-settings=\"{&quot;background_background&quot;:&quot;classic&quot;}\">\n\t\t\t\t\t\t<div class=\"elementor-container elementor-column-gap-no\">\n\t\t\t\t\t<div class=\"elementor-column elementor-col-100 elementor-top-column elementor-element elementor-element-29cd1320\" data-id=\"29cd1320\" data-element_type=\"column\">\n\t\t\t<div class=\"elementor-widget-wrap\">\n\t\t\t\t\t\t\t\t\t<\/div>\n\t\t<\/div>\n\t\t\t\t\t\t\t<\/div>\n\t\t<\/section>\n\t\t\t\t<section class=\"elementor-section elementor-top-section elementor-element elementor-element-1ec82c7 elementor-section-boxed elementor-section-height-default elementor-section-height-default\" data-id=\"1ec82c7\" data-element_type=\"section\" data-settings=\"{&quot;background_background&quot;:&quot;classic&quot;}\">\n\t\t\t\t\t\t<div class=\"elementor-container elementor-column-gap-no\">\n\t\t\t\t\t<div class=\"elementor-column elementor-col-66 elementor-top-column elementor-element elementor-element-604b4e03\" data-id=\"604b4e03\" data-element_type=\"column\" data-settings=\"{&quot;background_background&quot;:&quot;classic&quot;}\">\n\t\t\t<div class=\"elementor-widget-wrap elementor-element-populated\">\n\t\t\t\t\t\t\t\t<div class=\"elementor-element elementor-element-574d554c elementor-widget elementor-widget-heading\" data-id=\"574d554c\" data-element_type=\"widget\" data-widget_type=\"heading.default\">\n\t\t\t\t<div class=\"elementor-widget-container\">\n\t\t\t<h2 class=\"elementor-heading-title elementor-size-default\">Gozo erleben<\/h2>\t\t<\/div>\n\t\t\t\t<\/div>\n\t\t\t\t<div class=\"elementor-element elementor-element-47d7ccee elementor-widget elementor-widget-text-editor\" data-id=\"47d7ccee\" data-element_type=\"widget\" data-widget_type=\"text-editor.default\">\n\t\t\t\t<div class=\"elementor-widget-container\">\n\t\t\t\t\t\t\t<p>Gozo ist eine kleine Insel mit einer Fl\u00e4che von 67 Quadratkilometern. Es ist die meiste Zeit des Jahres trocken mit einer Sonne, die Sie braun und gesund strahlen l\u00e4sst. Die hei\u00dfe Zeit beginnt im Mai und endet etwa Ende Oktober. Gozo ist von wundersch\u00f6nem blauem Wasser umgeben. In der k\u00fchleren Jahreszeit ist es gr\u00fcn, mit Entdeckungspfaden, ein Abenteuer, das sich mit einer frischen Meeresbrise entfaltet. Es gibt viele Sommer- und Winterveranstaltungen, eine lange und umfangreiche Geschichte, die es zu entdecken gilt, D\u00f6rfer, durch die man sich schl\u00e4ngeln kann, und eine liebenswerte Kultur, an der man teilhaben kann.<\/p>\t\t\t\t\t\t<\/div>\n\t\t\t\t<\/div>\n\t\t\t\t\t<\/div>\n\t\t<\/div>\n\t\t\t\t<div class=\"elementor-column elementor-col-33 elementor-top-column elementor-element elementor-element-6a7837e6\" data-id=\"6a7837e6\" data-element_type=\"column\" data-settings=\"{&quot;background_background&quot;:&quot;classic&quot;}\">\n\t\t\t<div class=\"elementor-widget-wrap elementor-element-populated\">\n\t\t\t\t\t\t\t\t<div class=\"elementor-element elementor-element-63457d42 elementor-widget elementor-widget-image\" data-id=\"63457d42\" data-element_type=\"widget\" data-widget_type=\"image.default\">\n\t\t\t\t<div class=\"elementor-widget-container\">\n\t\t\t\t\t\t\t\t\t\t\t\t\t\t\t<img loading=\"lazy\" decoding=\"async\" width=\"850\" height=\"567\" src=\"https:\/\/bartolofarmhouses.eu\/wp-content\/uploads\/2021\/11\/ss_gozoaquaduct.jpg\" class=\"attachment-full size-full\" alt=\"\" srcset=\"https:\/\/bartolofarmhouses.eu\/wp-content\/uploads\/2021\/11\/ss_gozoaquaduct.jpg 850w, https:\/\/bartolofarmhouses.eu\/wp-content\/uploads\/2021\/11\/ss_gozoaquaduct-18x12.jpg 18w, https:\/\/bartolofarmhouses.eu\/wp-content\/uploads\/2021\/11\/ss_gozoaquaduct-720x480.jpg 720w\" sizes=\"auto, (max-width: 850px) 100vw, 850px\" \/>\t\t\t\t\t\t\t\t\t\t\t\t\t\t\t<\/div>\n\t\t\t\t<\/div>\n\t\t\t\t\t<\/div>\n\t\t<\/div>\n\t\t\t\t\t\t\t<\/div>\n\t\t<\/section>\n\t\t\t\t<section class=\"elementor-section elementor-top-section elementor-element elementor-element-1eb1583d elementor-section-height-min-height elementor-section-boxed elementor-section-height-default elementor-section-items-middle\" data-id=\"1eb1583d\" data-element_type=\"section\" data-settings=\"{&quot;background_background&quot;:&quot;classic&quot;}\">\n\t\t\t\t\t\t<div class=\"elementor-container elementor-column-gap-no\">\n\t\t\t\t\t<div class=\"elementor-column elementor-col-100 elementor-top-column elementor-element elementor-element-1872e22\" data-id=\"1872e22\" data-element_type=\"column\">\n\t\t\t<div class=\"elementor-widget-wrap\">\n\t\t\t\t\t\t\t\t\t<\/div>\n\t\t<\/div>\n\t\t\t\t\t\t\t<\/div>\n\t\t<\/section>\n\t\t\t\t<section class=\"elementor-section elementor-top-section elementor-element elementor-element-182f70be elementor-section-boxed elementor-section-height-default elementor-section-height-default\" data-id=\"182f70be\" data-element_type=\"section\">\n\t\t\t\t\t\t<div class=\"elementor-container elementor-column-gap-no\">\n\t\t\t\t\t<div class=\"elementor-column elementor-col-100 elementor-top-column elementor-element elementor-element-2e36b5dd\" data-id=\"2e36b5dd\" data-element_type=\"column\">\n\t\t\t<div class=\"elementor-widget-wrap elementor-element-populated\">\n\t\t\t\t\t\t\t\t<div class=\"elementor-element elementor-element-aca2433 elementor-widget elementor-widget-fotofly-alpha-slider\" data-id=\"aca2433\" data-element_type=\"widget\" data-widget_type=\"fotofly-alpha-slider.default\">\n\t\t\t\t<div class=\"elementor-widget-container\">\n\t\t\t<div class=\"cons_w_wrapper\"><div class=\"slider_version\">\r\n\t\t\t\t\t\t\t<div class=\"fotofly_slider_alpha\" data-desc-show=\"yes\" data-category-show=\"yes\" data-nav-types=\"square\" data-autoplay-switch=\"enabled\" data-autoplay-time=\"7000\" data-effect=\"fade\" data-progress=\"disabled\" data-box-pos=\"cl\" data-img-effect=\"enabled\" data-text-effect=\"enabled\">\r\n\t\t\t\t\t\t\t\t<div class=\"owl_control\">\r\n\t\t\t\t\t\t\t\t\t<div class=\"fn_prev\"><span><span class=\"a\"><\/span><span class=\"b\"><\/span><span class=\"c\"><\/span><\/span><\/div>\r\n\t\t\t\t\t\t\t\t\t<div class=\"fn_next\"><span><span class=\"a\"><\/span><span class=\"b\"><\/span><span class=\"c\"><\/span><\/span><\/div>\r\n\t\t\t\t\t\t\t\t<\/div>\r\n\t\t\t\t\t\t\t\t<div class=\"swiper-pagination\"><\/div>\r\n\t\t\t\t\t\t\t\t<div class=\"swiper-wrapper\"><div class=\"swiper-slide\">\r\n\t\t\t\t\t\t\t<div class=\"item\">\r\n\t\t\t\t\t\t\t\t<div class=\"img_holder\" data-bg-img=\"http:\/\/bartolofarmhouses.eu\/wp-content\/uploads\/2021\/11\/MG_8603_LR.jpg\" data-src=\"http:\/\/bartolofarmhouses.eu\/wp-content\/uploads\/2021\/11\/MG_8603_LR.jpg\">\r\n\t\t\t\t\t\t\t\t<\/div>\r\n\t\t\t\t\t\t\t\t<div class=\"title_holder\">\r\n\t\t\t\t\t\t\t\t\t<div class=\"inner\">\r\n\t\t\t\t\t\t\t\t\t\t<div class=\"in\">\r\n\t\t\t\t\t\t\t\t\t\t\t<p><span>Treffen Sie Abenteuer auf<\/span><\/p>\r\n\t\t\t\t\t\t\t\t\t\t\t<h3><span><a href=\"#\">Die Insel<\/a><\/span><\/h3>\r\n\t\t\t\t\t\t\t\t\t\t\t<div class=\"desc\"><span>Gozo, lokal als G\u0127awdex bekannt, ist eine Insel des maltesischen Archipels im Mittelmeer. Nach der Insel Malta selbst ist sie die zweitgr\u00f6\u00dfte Insel des Archipels. Gozo ist seit 5000 v. Chr. bewohnt, als Bauern aus dem nahen Sizilien \u00fcber das Meer auf die Insel kamen. Gozo war ein wichtiger Ort f\u00fcr die kulturelle Entwicklung, und in der Jungsteinzeit wurden die \u0120gantija-Tempel errichtet, die zu den \u00e4ltesten freistehenden Bauwerken der Welt und zu den \u00e4ltesten religi\u00f6sen Bauwerken der Welt geh\u00f6ren. <span><\/div>\r\n\t\t\t\t\t\t\t\t\t\t<\/div>\r\n\t\t\t\t\t\t\t\t\t<\/div>\r\n\t\t\t\t\t\t\t\t<\/div>\r\n\t\t\t\t\t\t\t<\/div>\r\n\t\t\t\t\t\t <\/div><div class=\"swiper-slide\">\r\n\t\t\t\t\t\t\t<div class=\"item\">\r\n\t\t\t\t\t\t\t\t<div class=\"img_holder\" data-bg-img=\"http:\/\/bartolofarmhouses.eu\/wp-content\/uploads\/2021\/11\/MG_8735_LR.jpg\" data-src=\"http:\/\/bartolofarmhouses.eu\/wp-content\/uploads\/2021\/11\/MG_8735_LR.jpg\">\r\n\t\t\t\t\t\t\t\t<\/div>\r\n\t\t\t\t\t\t\t\t<div class=\"title_holder\">\r\n\t\t\t\t\t\t\t\t\t<div class=\"inner\">\r\n\t\t\t\t\t\t\t\t\t\t<div class=\"in\">\r\n\t\t\t\t\t\t\t\t\t\t\t<p><span>Treffen Sie die freundliche, warme<\/span><\/p>\r\n\t\t\t\t\t\t\t\t\t\t\t<h3><span><a href=\"#\">Gozitan Menschen<\/a><\/span><\/h3>\r\n\t\t\t\t\t\t\t\t\t\t\t<div class=\"desc\"><span>Meet the Gozitans, a mixture of cultures including Arab, Italian, Phoenician, British, and more. The people are sun happy with a tradition belonging to the earth and sea. They are of many Mediterranean traditions and are always friendly and helpful. Their are proud of their skills, the craft of bamboo curtain making, the fine thyme honey, the old way of lace-making, their skill of architecture, along with other old time skills handed down through generations. They love their Island and will gladly tell you where to go, what to see, and what to do. <span><\/div>\r\n\t\t\t\t\t\t\t\t\t\t<\/div>\r\n\t\t\t\t\t\t\t\t\t<\/div>\r\n\t\t\t\t\t\t\t\t<\/div>\r\n\t\t\t\t\t\t\t<\/div>\r\n\t\t\t\t\t\t <\/div><div class=\"swiper-slide\">\r\n\t\t\t\t\t\t\t<div class=\"item\">\r\n\t\t\t\t\t\t\t\t<div class=\"img_holder\" data-bg-img=\"http:\/\/bartolofarmhouses.eu\/wp-content\/uploads\/2021\/11\/IMG_5982-cc-LR-e1636378392526.jpg\" data-src=\"http:\/\/bartolofarmhouses.eu\/wp-content\/uploads\/2021\/11\/IMG_5982-cc-LR-e1636378392526.jpg\">\r\n\t\t\t\t\t\t\t\t<\/div>\r\n\t\t\t\t\t\t\t\t<div class=\"title_holder\">\r\n\t\t\t\t\t\t\t\t\t<div class=\"inner\">\r\n\t\t\t\t\t\t\t\t\t\t<div class=\"in\">\r\n\t\t\t\t\t\t\t\t\t\t\t<p><span>Probieren Sie unser K\u00fcchensortiment<\/span><\/p>\r\n\t\t\t\t\t\t\t\t\t\t\t<h3><span><a href=\"#\">Lokales Essen<\/a><\/span><\/h3>\r\n\t\t\t\t\t\t\t\t\t\t\t<div class=\"desc\"><span>Das Essen ist eine k\u00f6stliche Mischung aus verschiedenen Kulturen. Traditionell ist der Schafsk\u00e4se Ricotta, der wunderbar mit gozitanischem Thymianhonig schmeckt. Er wird auch f\u00fcr die traditionellen Pastizzi verwendet, von denen es mehrere Arten von F\u00fcllungen gibt, aber die beiden beliebtesten sind die mit K\u00e4se und die mit Markerbsen. Zur gozitanischen K\u00fcche geh\u00f6rt auch Kaninchen, das auf verschiedene Arten zubereitet wird, aber immer mit viel Knoblauch, es gibt eine Reihe von Nudelgerichten, die der italienischen K\u00fcche \u00e4hneln und sich gleichzeitig von ihr unterscheiden, und nat\u00fcrlich gibt es Fisch! <span><\/div>\r\n\t\t\t\t\t\t\t\t\t\t<\/div>\r\n\t\t\t\t\t\t\t\t\t<\/div>\r\n\t\t\t\t\t\t\t\t<\/div>\r\n\t\t\t\t\t\t\t<\/div>\r\n\t\t\t\t\t\t <\/div><div class=\"swiper-slide\">\r\n\t\t\t\t\t\t\t<div class=\"item\">\r\n\t\t\t\t\t\t\t\t<div class=\"img_holder\" data-bg-img=\"http:\/\/bartolofarmhouses.eu\/wp-content\/uploads\/2021\/11\/IMG_0481-cc-LR_Sq.jpg\" data-src=\"http:\/\/bartolofarmhouses.eu\/wp-content\/uploads\/2021\/11\/IMG_0481-cc-LR_Sq.jpg\">\r\n\t\t\t\t\t\t\t\t<\/div>\r\n\t\t\t\t\t\t\t\t<div class=\"title_holder\">\r\n\t\t\t\t\t\t\t\t\t<div class=\"inner\">\r\n\t\t\t\t\t\t\t\t\t\t<div class=\"in\">\r\n\t\t\t\t\t\t\t\t\t\t\t<p><span>Tanze den Tanz &amp;<\/span><\/p>\r\n\t\t\t\t\t\t\t\t\t\t\t<h3><span><a href=\"#\">Sing das Lied<\/a><\/span><\/h3>\r\n\t\t\t\t\t\t\t\t\t\t\t<div class=\"desc\"><span>Die Opernh\u00e4user\/Theater der Hauptstadt, Teatru Astra und Teatru Aurora, sind nur zwei der Auff\u00fchrungsorte auf Gozo, die jede Woche des Jahres mit S\u00e4ngern, Musikern und T\u00e4nzern belebt sind. Musik, Tanz und Oper sind Publikumsmagneten auf Gozo, wo sich Liebhaber treffen, um lebendige und professionelle Auff\u00fchrungen der besten Entertainer der Insel zu genie\u00dfen. <span><\/div>\r\n\t\t\t\t\t\t\t\t\t\t<\/div>\r\n\t\t\t\t\t\t\t\t\t<\/div>\r\n\t\t\t\t\t\t\t\t<\/div>\r\n\t\t\t\t\t\t\t<\/div>\r\n\t\t\t\t\t\t <\/div><div class=\"swiper-slide\">\r\n\t\t\t\t\t\t\t<div class=\"item\">\r\n\t\t\t\t\t\t\t\t<div class=\"img_holder\" data-bg-img=\"http:\/\/bartolofarmhouses.eu\/wp-content\/uploads\/2021\/11\/MG_6472-LR_Sq.jpg\" data-src=\"http:\/\/bartolofarmhouses.eu\/wp-content\/uploads\/2021\/11\/MG_6472-LR_Sq.jpg\">\r\n\t\t\t\t\t\t\t\t<\/div>\r\n\t\t\t\t\t\t\t\t<div class=\"title_holder\">\r\n\t\t\t\t\t\t\t\t\t<div class=\"inner\">\r\n\t\t\t\t\t\t\t\t\t\t<div class=\"in\">\r\n\t\t\t\t\t\t\t\t\t\t\t<p><span>Malen Sie sich selbst ein<\/span><\/p>\r\n\t\t\t\t\t\t\t\t\t\t\t<h3><span><a href=\"#\">Die Kunstszene<\/a><\/span><\/h3>\r\n\t\t\t\t\t\t\t\t\t\t\t<div class=\"desc\"><span>Angesichts der atemberaubenden Aussichten und der reichen Geschichte Gozos ist es nicht verwunderlich, dass die bildende Kunst hier weiterhin floriert. Neue und aufstrebende gozitanische K\u00fcnstler, deren Kunst in Form von Malerei, Grafikdesign, Bildhauerei und Fotografie entstehen kann, haben die maltesische Kunstszene im Sturm erobert. Au\u00dferdem finden auf Gozo das ganze Jahr \u00fcber eine Reihe von Ausstellungen statt, um die lokale Kunst und ihre K\u00fcnstler zu feiern.<span><\/div>\r\n\t\t\t\t\t\t\t\t\t\t<\/div>\r\n\t\t\t\t\t\t\t\t\t<\/div>\r\n\t\t\t\t\t\t\t\t<\/div>\r\n\t\t\t\t\t\t\t<\/div>\r\n\t\t\t\t\t\t <\/div><\/div><\/div><\/div><\/div>\t\t<\/div>\n\t\t\t\t<\/div>\n\t\t\t\t\t<\/div>\n\t\t<\/div>\n\t\t\t\t\t\t\t<\/div>\n\t\t<\/section>\n\t\t\t\t<section class=\"elementor-section elementor-top-section elementor-element elementor-element-695f24d elementor-section-height-min-height elementor-section-boxed elementor-section-height-default elementor-section-items-middle\" data-id=\"695f24d\" data-element_type=\"section\" data-settings=\"{&quot;background_background&quot;:&quot;classic&quot;}\">\n\t\t\t\t\t\t<div class=\"elementor-container elementor-column-gap-no\">\n\t\t\t\t\t<div class=\"elementor-column elementor-col-100 elementor-top-column elementor-element elementor-element-bf725d7\" data-id=\"bf725d7\" data-element_type=\"column\">\n\t\t\t<div class=\"elementor-widget-wrap\">\n\t\t\t\t\t\t\t\t\t<\/div>\n\t\t<\/div>\n\t\t\t\t\t\t\t<\/div>\n\t\t<\/section>\n\t\t\t\t<section class=\"elementor-section elementor-top-section elementor-element elementor-element-d7657a1 elementor-section-full_width elementor-section-stretched elementor-section-height-min-height elementor-section-items-top elementor-section-content-top elementor-section-height-default\" data-id=\"d7657a1\" data-element_type=\"section\" data-settings=\"{&quot;stretch_section&quot;:&quot;section-stretched&quot;,&quot;background_background&quot;:&quot;classic&quot;}\">\n\t\t\t\t\t\t<div class=\"elementor-container elementor-column-gap-no\">\n\t\t\t\t\t<div class=\"elementor-column elementor-col-100 elementor-top-column elementor-element elementor-element-77259853\" data-id=\"77259853\" data-element_type=\"column\">\n\t\t\t<div class=\"elementor-widget-wrap\">\n\t\t\t\t\t\t\t\t\t<\/div>\n\t\t<\/div>\n\t\t\t\t\t\t\t<\/div>\n\t\t<\/section>\n\t\t\t\t<section class=\"elementor-section elementor-top-section elementor-element elementor-element-604c8013 elementor-section-full_width elementor-section-stretched elementor-section-height-default elementor-section-height-default\" data-id=\"604c8013\" data-element_type=\"section\" data-settings=\"{&quot;stretch_section&quot;:&quot;section-stretched&quot;,&quot;background_background&quot;:&quot;classic&quot;}\">\n\t\t\t\t\t\t<div class=\"elementor-container elementor-column-gap-no\">\n\t\t\t\t\t<div class=\"elementor-column elementor-col-33 elementor-top-column elementor-element elementor-element-519b927b\" data-id=\"519b927b\" data-element_type=\"column\">\n\t\t\t<div class=\"elementor-widget-wrap elementor-element-populated\">\n\t\t\t\t\t\t\t\t<div class=\"elementor-element elementor-element-118fcf15 elementor-widget elementor-widget-text-editor\" data-id=\"118fcf15\" data-element_type=\"widget\" data-widget_type=\"text-editor.default\">\n\t\t\t\t<div class=\"elementor-widget-container\">\n\t\t\t\t\t\t\tMobil\t\t\t\t\t\t<\/div>\n\t\t\t\t<\/div>\n\t\t\t\t\t<\/div>\n\t\t<\/div>\n\t\t\t\t<div class=\"elementor-column elementor-col-33 elementor-top-column elementor-element elementor-element-3b70d22c\" data-id=\"3b70d22c\" data-element_type=\"column\">\n\t\t\t<div class=\"elementor-widget-wrap elementor-element-populated\">\n\t\t\t\t\t\t\t\t<div class=\"elementor-element elementor-element-569fd482 elementor-widget elementor-widget-image\" data-id=\"569fd482\" data-element_type=\"widget\" data-widget_type=\"image.default\">\n\t\t\t\t<div class=\"elementor-widget-container\">\n\t\t\t\t\t\t\t\t\t\t\t\t\t\t\t<img loading=\"lazy\" decoding=\"async\" width=\"71\" height=\"60\" src=\"https:\/\/bartolofarmhouses.eu\/wp-content\/uploads\/2021\/11\/Logo_Bartolofarmhouses.png\" class=\"attachment-large size-large\" alt=\"\" srcset=\"https:\/\/bartolofarmhouses.eu\/wp-content\/uploads\/2021\/11\/Logo_Bartolofarmhouses.png 71w, https:\/\/bartolofarmhouses.eu\/wp-content\/uploads\/2021\/11\/Logo_Bartolofarmhouses-14x12.png 14w\" sizes=\"auto, (max-width: 71px) 100vw, 71px\" \/>\t\t\t\t\t\t\t\t\t\t\t\t\t\t\t<\/div>\n\t\t\t\t<\/div>\n\t\t\t\t\t<\/div>\n\t\t<\/div>\n\t\t\t\t<div class=\"elementor-column elementor-col-33 elementor-top-column elementor-element elementor-element-69a1f74b\" data-id=\"69a1f74b\" data-element_type=\"column\">\n\t\t\t<div class=\"elementor-widget-wrap elementor-element-populated\">\n\t\t\t\t\t\t\t\t<div class=\"elementor-element elementor-element-3a8922d5 elementor-widget elementor-widget-text-editor\" data-id=\"3a8922d5\" data-element_type=\"widget\" data-widget_type=\"text-editor.default\">\n\t\t\t\t<div class=\"elementor-widget-container\">\n\t\t\t\t\t\t\t<a href=\"mailto:angelo@bartolofarmhouses.eu\"><span style=\"color: #009ab1;\">angelo@bartolofarmhouses.eu<\/span>\t\t\t\t\t\t<\/div>\n\t\t\t\t<\/div>\n\t\t\t\t\t<\/div>\n\t\t<\/div>\n\t\t\t\t\t\t\t<\/div>\n\t\t<\/section>\n\t\t\t\t<section class=\"elementor-section elementor-top-section elementor-element elementor-element-8a2bdac elementor-section-full_width elementor-section-height-min-height elementor-section-items-top elementor-section-content-top elementor-section-stretched elementor-section-height-default\" data-id=\"8a2bdac\" data-element_type=\"section\" data-settings=\"{&quot;stretch_section&quot;:&quot;section-stretched&quot;,&quot;background_background&quot;:&quot;classic&quot;}\">\n\t\t\t\t\t\t<div class=\"elementor-container elementor-column-gap-no\">\n\t\t\t\t\t<div class=\"elementor-column elementor-col-100 elementor-top-column elementor-element elementor-element-7be5ed43\" data-id=\"7be5ed43\" data-element_type=\"column\">\n\t\t\t<div class=\"elementor-widget-wrap\">\n\t\t\t\t\t\t\t\t\t<\/div>\n\t\t<\/div>\n\t\t\t\t\t\t\t<\/div>\n\t\t<\/section>\n\t\t\t\t<section class=\"elementor-section elementor-top-section elementor-element elementor-element-6cbb33ca elementor-section-full_width elementor-section-stretched elementor-section-height-min-height elementor-section-items-top elementor-section-content-top elementor-section-height-default\" data-id=\"6cbb33ca\" data-element_type=\"section\" data-settings=\"{&quot;stretch_section&quot;:&quot;section-stretched&quot;,&quot;background_background&quot;:&quot;classic&quot;}\">\n\t\t\t\t\t\t<div class=\"elementor-container elementor-column-gap-no\">\n\t\t\t\t\t<div class=\"elementor-column elementor-col-100 elementor-top-column elementor-element elementor-element-551515e7\" data-id=\"551515e7\" data-element_type=\"column\" data-settings=\"{&quot;background_background&quot;:&quot;classic&quot;}\">\n\t\t\t<div class=\"elementor-widget-wrap elementor-element-populated\">\n\t\t\t\t\t\t\t\t<div class=\"elementor-element elementor-element-5899a48d elementor-widget elementor-widget-text-editor\" data-id=\"5899a48d\" data-element_type=\"widget\" data-widget_type=\"text-editor.default\">\n\t\t\t\t<div class=\"elementor-widget-container\">\n\t\t\t\t\t\t\t<a href=\"\/de\/bartolofarmhouses.eu\/legal-lines\/\"><span style=\"color: #009AB1;\">Legal Lines <\/span><\/a>\t\t\t\t\t\t<\/div>\n\t\t\t\t<\/div>\n\t\t\t\t\t<\/div>\n\t\t<\/div>\n\t\t\t\t\t\t\t<\/div>\n\t\t<\/section>\n\t\t\t\t\t\t<\/div>\n\t\t\t\t\t<\/div>","protected":false},"excerpt":{"rendered":"<p>Bartolo Farmhouses Experience Gozo Gozo is a small Island measuring 67 Sq. Kilometers. It is dry for most of the year with a sun that shines you brown and healthy, the hot times starts May and end around the end of October. Gozo is surrounded by beautiful blue water. In the cooler time of the [&hellip;]<\/p>","protected":false},"author":1,"featured_media":0,"parent":0,"menu_order":0,"comment_status":"closed","ping_status":"closed","template":"","meta":{"footnotes":""},"class_list":["post-379","page","type-page","status-publish","hentry"],"_links":{"self":[{"href":"https:\/\/bartolofarmhouses.eu\/de\/wp-json\/wp\/v2\/pages\/379","targetHints":{"allow":["GET"]}}],"collection":[{"href":"https:\/\/bartolofarmhouses.eu\/de\/wp-json\/wp\/v2\/pages"}],"about":[{"href":"https:\/\/bartolofarmhouses.eu\/de\/wp-json\/wp\/v2\/types\/page"}],"author":[{"embeddable":true,"href":"https:\/\/bartolofarmhouses.eu\/de\/wp-json\/wp\/v2\/users\/1"}],"replies":[{"embeddable":true,"href":"https:\/\/bartolofarmhouses.eu\/de\/wp-json\/wp\/v2\/comments?post=379"}],"version-history":[{"count":162,"href":"https:\/\/bartolofarmhouses.eu\/de\/wp-json\/wp\/v2\/pages\/379\/revisions"}],"predecessor-version":[{"id":1789,"href":"https:\/\/bartolofarmhouses.eu\/de\/wp-json\/wp\/v2\/pages\/379\/revisions\/1789"}],"wp:attachment":[{"href":"https:\/\/bartolofarmhouses.eu\/de\/wp-json\/wp\/v2\/media?parent=379"}],"curies":[{"name":"wp","href":"https:\/\/api.w.org\/{rel}","templated":true}]}}